{"id":1958,"date":"2025-04-24T11:18:10","date_gmt":"2025-04-24T11:18:10","guid":{"rendered":"https:\/\/amicibeach.com\/tag-strand\/"},"modified":"2025-08-26T07:53:20","modified_gmt":"2025-08-26T07:53:20","slug":"tag-strand","status":"publish","type":"page","link":"https:\/\/amicibeach.com\/de\/tag-strand\/","title":{"rendered":"Tagesstrand"},"content":{"rendered":"\t\t<div data-elementor-type=\"wp-page\" data-elementor-id=\"1958\" class=\"elementor elementor-1958 elementor-866\" data-elementor-post-type=\"page\">\n\t\t\t\t<div class=\"elementor-element elementor-element-1a909565 e-flex e-con-boxed e-con e-parent\" data-id=\"1a909565\" data-element_type=\"container\" data-settings=\"{&quot;background_background&quot;:&quot;classic&quot;}\">\n\t\t\t\t\t<div class=\"e-con-inner\">\n\t\t<div class=\"elementor-element elementor-element-4d95bb05 e-con-full e-flex e-con e-child\" data-id=\"4d95bb05\" data-element_type=\"container\">\n\t\t\t\t<div class=\"elementor-element elementor-element-729ad4b0 elementor-invisible elementor-widget elementor-widget-heading\" data-id=\"729ad4b0\" data-element_type=\"widget\" data-settings=\"{&quot;_animation&quot;:&quot;fadeInDown&quot;}\" data-widget_type=\"heading.default\">\n\t\t\t\t<div class=\"elementor-widget-container\">\n\t\t\t\t\t<h1 class=\"elementor-heading-title elementor-size-default\">TAGESSTRAND<\/h1>\t\t\t\t<\/div>\n\t\t\t\t<\/div>\n\t\t\t\t<\/div>\n\t\t\t\t\t<\/div>\n\t\t\t\t<\/div>\n\t\t<div class=\"elementor-element elementor-element-366bea13 e-flex e-con-boxed e-con e-parent\" data-id=\"366bea13\" data-element_type=\"container\" id=\"dagstrand\" data-settings=\"{&quot;background_background&quot;:&quot;classic&quot;}\">\n\t\t\t\t\t<div class=\"e-con-inner\">\n\t\t<div class=\"elementor-element elementor-element-61913104 e-con-full e-flex e-con e-child\" data-id=\"61913104\" data-element_type=\"container\">\n\t\t\t\t<div class=\"elementor-element elementor-element-22ee0ae0 elementor-widget elementor-widget-heading\" data-id=\"22ee0ae0\" data-element_type=\"widget\" data-widget_type=\"heading.default\">\n\t\t\t\t<div class=\"elementor-widget-container\">\n\t\t\t\t\t<h6 class=\"elementor-heading-title elementor-size-default\">TAGESSTRAND<\/h6>\t\t\t\t<\/div>\n\t\t\t\t<\/div>\n\t\t\t\t<div class=\"elementor-element elementor-element-122aef64 elementor-widget elementor-widget-heading\" data-id=\"122aef64\" data-element_type=\"widget\" data-widget_type=\"heading.default\">\n\t\t\t\t<div class=\"elementor-widget-container\">\n\t\t\t\t\t<h2 class=\"elementor-heading-title elementor-size-default\">Amici Beach<\/h2>\t\t\t\t<\/div>\n\t\t\t\t<\/div>\n\t\t\t\t<div class=\"elementor-element elementor-element-45f45f1 elementor-widget-divider--view-line elementor-widget elementor-widget-divider\" data-id=\"45f45f1\" data-element_type=\"widget\" data-widget_type=\"divider.default\">\n\t\t\t\t<div class=\"elementor-widget-container\">\n\t\t\t\t\t\t\t<div class=\"elementor-divider\">\n\t\t\t<span class=\"elementor-divider-separator\">\n\t\t\t\t\t\t<\/span>\n\t\t<\/div>\n\t\t\t\t\t\t<\/div>\n\t\t\t\t<\/div>\n\t\t<div class=\"elementor-element elementor-element-1c1756b2 e-con-full e-flex e-con e-child\" data-id=\"1c1756b2\" data-element_type=\"container\">\n\t\t<div class=\"elementor-element elementor-element-67c2ec8d e-con-full e-flex e-con e-child\" data-id=\"67c2ec8d\" data-element_type=\"container\">\n\t\t\t\t<div class=\"elementor-element elementor-element-704312fa elementor-widget elementor-widget-heading\" data-id=\"704312fa\" data-element_type=\"widget\" data-widget_type=\"heading.default\">\n\t\t\t\t<div class=\"elementor-widget-container\">\n\t\t\t\t\t<h3 class=\"elementor-heading-title elementor-size-default\">LIFE AT\n<br>THE BEACH<\/h3>\t\t\t\t<\/div>\n\t\t\t\t<\/div>\n\t\t\t\t<\/div>\n\t\t<div class=\"elementor-element elementor-element-4a691282 e-con-full e-flex e-con e-child\" data-id=\"4a691282\" data-element_type=\"container\">\n\t\t\t\t<div class=\"elementor-element elementor-element-6ff88a00 elementor-widget elementor-widget-text-editor\" data-id=\"6ff88a00\" data-element_type=\"widget\" data-widget_type=\"text-editor.default\">\n\t\t\t\t<div class=\"elementor-widget-container\">\n\t\t\t\t\t\t\t\t\t<p data-start=\"65\" data-end=\"229\">In der N\u00e4he des Grenz\u00fcbergangs Rothenbach bei Wassenberg haben Sie das Gef\u00fchl, f\u00fcr einen Tag im Urlaub zu sein.<\/p><p data-start=\"65\" data-end=\"229\">Der Amici Beach ist ein Strand f\u00fcr alle Altersgruppen. Jung und Alt genie\u00dfen an Sommertagen den Sandstrand und das kristallklare Wasser. <\/p><p data-start=\"231\" data-end=\"453\">Am Rande des Nationalparks \u201ede Meinweg\u201c liegt, in einer nat\u00fcrlichen Umgebung, der Effelder Waldsee. Der sch\u00f6ne Strand Amici Beach liegt direkt an diesem 45 Hektar gro\u00dfen See, umgeben von W\u00e4ldern. <\/p><p data-start=\"231\" data-end=\"453\"><strong>Bitte beachten Sie:<\/strong><br>Hunde nicht erlaubt<\/p>\t\t\t\t\t\t\t\t<\/div>\n\t\t\t\t<\/div>\n\t\t\t\t<div class=\"elementor-element elementor-element-22151222 elementor-widget elementor-widget-text-editor\" data-id=\"22151222\" data-element_type=\"widget\" data-widget_type=\"text-editor.default\">\n\t\t\t\t<div class=\"elementor-widget-container\">\n\t\t\t\t\t\t\t\t\t<p><strong data-start=\"814\" data-end=\"833\">MAI &#8211; SEPTEMBER<\/strong><br data-start=\"833\" data-end=\"836\">T\u00e4glich ge\u00f6ffnet von 10 bis 19 Uhr bei Temperaturen ab 21\u00b0C (bei schlechtem Wetter geschlossen). <\/p>\t\t\t\t\t\t\t\t<\/div>\n\t\t\t\t<\/div>\n\t\t\t\t<div class=\"elementor-element elementor-element-be27529 elementor-align-left elementor-hidden-desktop elementor-hidden-tablet elementor-hidden-mobile elementor-widget elementor-widget-button\" data-id=\"be27529\" data-element_type=\"widget\" data-widget_type=\"button.default\">\n\t\t\t\t<div class=\"elementor-widget-container\">\n\t\t\t\t\t\t\t\t\t<div class=\"elementor-button-wrapper\">\n\t\t\t\t\t<a class=\"elementor-button elementor-button-link elementor-size-sm\" href=\"tel:+491733922981\">\n\t\t\t\t\t\t<span class=\"elementor-button-content-wrapper\">\n\t\t\t\t\t\t<span class=\"elementor-button-icon\">\n\t\t\t\t<i aria-hidden=\"true\" class=\"fas fa-phone-alt\"><\/i>\t\t\t<\/span>\n\t\t\t\t\t\t\t\t\t<span class=\"elementor-button-text\">Tickets Tag Strand<\/span>\n\t\t\t\t\t<\/span>\n\t\t\t\t\t<\/a>\n\t\t\t\t<\/div>\n\t\t\t\t\t\t\t\t<\/div>\n\t\t\t\t<\/div>\n\t\t\t\t<\/div>\n\t\t\t\t<\/div>\n\t\t\t\t<\/div>\n\t\t\t\t\t<\/div>\n\t\t\t\t<\/div>\n\t\t<div class=\"elementor-element elementor-element-5a093f9e e-con-full e-flex e-con e-parent\" data-id=\"5a093f9e\" data-element_type=\"container\" data-settings=\"{&quot;background_background&quot;:&quot;classic&quot;}\">\n\t\t<div class=\"elementor-element elementor-element-12c08a1f e-con-full animated-slow e-flex elementor-invisible e-con e-child\" data-id=\"12c08a1f\" data-element_type=\"container\" data-settings=\"{&quot;background_background&quot;:&quot;classic&quot;,&quot;animation&quot;:&quot;fadeInLeft&quot;}\">\n\t\t\t\t<\/div>\n\t\t<div class=\"elementor-element elementor-element-64a8b87e e-con-full animated-slow e-flex elementor-invisible e-con e-child\" data-id=\"64a8b87e\" data-element_type=\"container\" data-settings=\"{&quot;background_background&quot;:&quot;classic&quot;,&quot;animation&quot;:&quot;fadeInRight&quot;}\">\n\t\t\t\t<div class=\"elementor-element elementor-element-779cf2e0 elementor-widget elementor-widget-heading\" data-id=\"779cf2e0\" data-element_type=\"widget\" data-widget_type=\"heading.default\">\n\t\t\t\t<div class=\"elementor-widget-container\">\n\t\t\t\t\t<h3 class=\"elementor-heading-title elementor-size-default\">Zugang Tagesstrand<\/h3>\t\t\t\t<\/div>\n\t\t\t\t<\/div>\n\t\t\t\t<div class=\"elementor-element elementor-element-101d56c9 elementor-widget elementor-widget-text-editor\" data-id=\"101d56c9\" data-element_type=\"widget\" data-widget_type=\"text-editor.default\">\n\t\t\t\t<div class=\"elementor-widget-container\">\n\t\t\t\t\t\t\t\t\t<p>PREIS PRO TAG<\/p>\t\t\t\t\t\t\t\t<\/div>\n\t\t\t\t<\/div>\n\t\t\t\t<div class=\"elementor-element elementor-element-bf1b374 elementor-widget elementor-widget-price-list\" data-id=\"bf1b374\" data-element_type=\"widget\" data-widget_type=\"price-list.default\">\n\t\t\t\t<div class=\"elementor-widget-container\">\n\t\t\t\t\t\n\t\t<ul class=\"elementor-price-list\">\n\n\t\t\t\t\t\t\t\t\t<li><a class=\"elementor-price-list-item\" href=\"#\">\t\t\t\t\n\t\t\t\t<div class=\"elementor-price-list-text\">\n\t\t\t\t\t\t\t\t\t<div class=\"elementor-price-list-header\">\n\t\t\t\t\t\t\t\t\t\t\t<span class=\"elementor-price-list-title\">\n\t\t\t\t\t\t\tTageskarte\t\t\t\t\t\t<\/span>\n\t\t\t\t\t\t\t\t\t\t\t\t\t\t\t\t\t\t<span class=\"elementor-price-list-separator\"><\/span>\n\t\t\t\t\t\t\t\t\t\t\t\t\t\t\t\t\t\t\t<span class=\"elementor-price-list-price\">\u20ac 5,50<\/span>\n\t\t\t\t\t\t\t\t\t\t<\/div>\n\t\t\t\t\t\t\t\t\t\t\t\t<\/div>\n\t\t\t\t<\/a><\/li>\t\t\t\t\t\t\t\t\t\t\t\t<li><a class=\"elementor-price-list-item\" href=\"#\">\t\t\t\t\n\t\t\t\t<div class=\"elementor-price-list-text\">\n\t\t\t\t\t\t\t\t\t<div class=\"elementor-price-list-header\">\n\t\t\t\t\t\t\t\t\t\t\t<span class=\"elementor-price-list-title\">\n\t\t\t\t\t\t\tAbendkarte\t\t\t\t\t\t<\/span>\n\t\t\t\t\t\t\t\t\t\t\t\t\t\t\t\t\t\t<span class=\"elementor-price-list-separator\"><\/span>\n\t\t\t\t\t\t\t\t\t\t\t\t\t\t\t\t\t\t\t<span class=\"elementor-price-list-price\">\u20ac 3,50<\/span>\n\t\t\t\t\t\t\t\t\t\t<\/div>\n\t\t\t\t\t\t\t\t\t\t\t\t<\/div>\n\t\t\t\t<\/a><\/li>\t\t\t\t\t\t\t\t\t\t\t\t<li><a class=\"elementor-price-list-item\" href=\"#\">\t\t\t\t\n\t\t\t\t<div class=\"elementor-price-list-text\">\n\t\t\t\t\t\t\t\t\t<div class=\"elementor-price-list-header\">\n\t\t\t\t\t\t\t\t\t\t\t<span class=\"elementor-price-list-title\">\n\t\t\t\t\t\t\tKinder bis zu 6 Jahren\t\t\t\t\t\t<\/span>\n\t\t\t\t\t\t\t\t\t\t\t\t\t\t\t\t\t\t<span class=\"elementor-price-list-separator\"><\/span>\n\t\t\t\t\t\t\t\t\t\t\t\t\t\t\t\t\t\t\t<span class=\"elementor-price-list-price\">Kostenlos<\/span>\n\t\t\t\t\t\t\t\t\t\t<\/div>\n\t\t\t\t\t\t\t\t\t\t\t\t<\/div>\n\t\t\t\t<\/a><\/li>\t\t\t\t\t\n\t\t<\/ul>\n\n\t\t\t\t\t\t<\/div>\n\t\t\t\t<\/div>\n\t\t\t\t<div class=\"elementor-element elementor-element-5da0d07b elementor-hidden-desktop elementor-hidden-tablet elementor-hidden-mobile elementor-widget elementor-widget-text-editor\" data-id=\"5da0d07b\" data-element_type=\"widget\" data-widget_type=\"text-editor.default\">\n\t\t\t\t<div class=\"elementor-widget-container\">\n\t\t\t\t\t\t\t\t\t<p class=\"\" data-start=\"993\" data-end=\"1192\">Sollte die Buchungsbest\u00e4tigung nicht direkt per E-Mail eintreffen, kann die Zahlungsbest\u00e4tigung auch an der Abendkasse vorgezeigt werden &#8211; der Kartenkauf wird direkt im System registriert.<\/p><p class=\"\" data-start=\"1194\" data-end=\"1228\"><strong>Pr\u00fcfen Sie auch Ihren Spam-Ordner.<\/strong><\/p><p class=\"\" data-start=\"1230\" data-end=\"1342\">Tickets f\u00fcr den Aquapark sind nur in Kombination mit einem g\u00fcltigen Ticket f\u00fcr Amici Beach erh\u00e4ltlich!<\/p><p class=\"\" data-start=\"1344\" data-end=\"1479\">Bitte haben Sie Verst\u00e4ndnis daf\u00fcr, dass wir in der Hochsaison keine telefonischen Anfragen oder Nachrichten per E-Mail oder Messenger beantworten k\u00f6nnen.<\/p><p class=\"\" data-start=\"1481\" data-end=\"1581\"><strong data-start=\"1481\" data-end=\"1492\">Bitte beachten Sie:<\/strong> Online-Tickets sind an ein bestimmtes Datum gebunden und k\u00f6nnen nicht storniert werden.<\/p>\t\t\t\t\t\t\t\t<\/div>\n\t\t\t\t<\/div>\n\t\t\t\t<div class=\"elementor-element elementor-element-443efaba elementor-widget elementor-widget-button\" data-id=\"443efaba\" data-element_type=\"widget\" data-widget_type=\"button.default\">\n\t\t\t\t<div class=\"elementor-widget-container\">\n\t\t\t\t\t\t\t\t\t<div class=\"elementor-button-wrapper\">\n\t\t\t\t\t<a class=\"elementor-button elementor-size-sm\" role=\"button\">\n\t\t\t\t\t\t<span class=\"elementor-button-content-wrapper\">\n\t\t\t\t\t\t<span class=\"elementor-button-icon\">\n\t\t\t\t<i aria-hidden=\"true\" class=\"fas fa-long-arrow-alt-right\"><\/i>\t\t\t<\/span>\n\t\t\t\t\t\t\t\t\t<span class=\"elementor-button-text\">Tickets erh\u00e4ltlich an der Abendkasse<\/span>\n\t\t\t\t\t<\/span>\n\t\t\t\t\t<\/a>\n\t\t\t\t<\/div>\n\t\t\t\t\t\t\t\t<\/div>\n\t\t\t\t<\/div>\n\t\t\t\t<\/div>\n\t\t\t\t<\/div>\n\t\t\t\t<\/div>\n\t\t","protected":false},"excerpt":{"rendered":"<p>TAGESSTRAND TAGESSTRAND Amici Beach LIFE AT THE BEACH In der N\u00e4he des Grenz\u00fcbergangs Rothenbach bei Wassenberg haben Sie das Gef\u00fchl, f\u00fcr einen Tag im Urlaub zu sein. Der Amici Beach [&hellip;]<\/p>\n","protected":false},"author":1,"featured_media":0,"parent":0,"menu_order":0,"comment_status":"closed","ping_status":"closed","template":"","meta":{"_acf_changed":false,"site-sidebar-layout":"no-sidebar","site-content-layout":"page-builder","ast-site-content-layout":"full-width-container","site-content-style":"unboxed","site-sidebar-style":"unboxed","ast-global-header-display":"","ast-banner-title-visibility":"","ast-main-header-display":"","ast-hfb-above-header-display":"","ast-hfb-below-header-display":"","ast-hfb-mobile-header-display":"","site-post-title":"disabled","ast-breadcrumbs-content":"disabled","ast-featured-img":"disabled","footer-sml-layout":"","ast-disable-related-posts":"","theme-transparent-header-meta":"enabled","adv-header-id-meta":"","stick-header-meta":"default","header-above-stick-meta":"","header-main-stick-meta":"","header-below-stick-meta":"","astra-migrate-meta-layouts":"default","ast-page-background-enabled":"default","ast-page-background-meta":{"desktop":{"background-color":"","background-image":"","background-repeat":"repeat","background-position":"center center","background-size":"auto","background-attachment":"scroll","background-type":"","background-media":"","overlay-type":"","overlay-color":"","overlay-opacity":"","overlay-gradient":""},"tablet":{"background-color":"","background-image":"","background-repeat":"repeat","background-position":"center center","background-size":"auto","background-attachment":"scroll","background-type":"","background-media":"","overlay-type":"","overlay-color":"","overlay-opacity":"","overlay-gradient":""},"mobile":{"background-color":"","background-image":"","background-repeat":"repeat","background-position":"center center","background-size":"auto","background-attachment":"scroll","background-type":"","background-media":"","overlay-type":"","overlay-color":"","overlay-opacity":"","overlay-gradient":""}},"ast-content-background-meta":{"desktop":{"background-color":"var(--ast-global-color-5)","background-image":"","background-repeat":"repeat","background-position":"center center","background-size":"auto","background-attachment":"scroll","background-type":"","background-media":"","overlay-type":"","overlay-color":"","overlay-opacity":"","overlay-gradient":""},"tablet":{"background-color":"var(--ast-global-color-5)","background-image":"","background-repeat":"repeat","background-position":"center center","background-size":"auto","background-attachment":"scroll","background-type":"","background-media":"","overlay-type":"","overlay-color":"","overlay-opacity":"","overlay-gradient":""},"mobile":{"background-color":"var(--ast-global-color-5)","background-image":"","background-repeat":"repeat","background-position":"center center","background-size":"auto","background-attachment":"scroll","background-type":"","background-media":"","overlay-type":"","overlay-color":"","overlay-opacity":"","overlay-gradient":""}},"footnotes":""},"class_list":["post-1958","page","type-page","status-publish","hentry"],"acf":[],"yoast_head":"<!-- This site is optimized with the Yoast SEO plugin v26.1.1 - https:\/\/yoast.com\/wordpress\/plugins\/seo\/ -->\n<title>Tagesstrand - Amici Beach<\/title>\n<meta name=\"robots\" content=\"index, follow, max-snippet:-1, max-image-preview:large, max-video-preview:-1\" \/>\n<link rel=\"canonical\" href=\"https:\/\/amicibeach.com\/de\/tag-strand\/\" \/>\n<meta property=\"og:locale\" content=\"de_DE\" \/>\n<meta property=\"og:type\" content=\"article\" \/>\n<meta property=\"og:title\" content=\"Tagesstrand - Amici Beach\" \/>\n<meta property=\"og:description\" content=\"TAGESSTRAND TAGESSTRAND Amici Beach LIFE AT THE BEACH In der N\u00e4he des Grenz\u00fcbergangs Rothenbach bei Wassenberg haben Sie das Gef\u00fchl, f\u00fcr einen Tag im Urlaub zu sein. Der Amici Beach [&hellip;]\" \/>\n<meta property=\"og:url\" content=\"https:\/\/amicibeach.com\/de\/tag-strand\/\" \/>\n<meta property=\"og:site_name\" content=\"Amici Beach\" \/>\n<meta property=\"article:modified_time\" content=\"2025-08-26T07:53:20+00:00\" \/>\n<meta name=\"twitter:card\" content=\"summary_large_image\" \/>\n<meta name=\"twitter:label1\" content=\"Gesch\u00e4tzte Lesezeit\" \/>\n\t<meta name=\"twitter:data1\" content=\"1\u00a0Minute\" \/>\n<script type=\"application\/ld+json\" class=\"yoast-schema-graph\">{\"@context\":\"https:\/\/schema.org\",\"@graph\":[{\"@type\":\"WebPage\",\"@id\":\"https:\/\/amicibeach.com\/de\/tag-strand\/\",\"url\":\"https:\/\/amicibeach.com\/de\/tag-strand\/\",\"name\":\"Tagesstrand - Amici Beach\",\"isPartOf\":{\"@id\":\"https:\/\/amicibeach.com\/#website\"},\"datePublished\":\"2025-04-24T11:18:10+00:00\",\"dateModified\":\"2025-08-26T07:53:20+00:00\",\"breadcrumb\":{\"@id\":\"https:\/\/amicibeach.com\/de\/tag-strand\/#breadcrumb\"},\"inLanguage\":\"de\",\"potentialAction\":[{\"@type\":\"ReadAction\",\"target\":[\"https:\/\/amicibeach.com\/de\/tag-strand\/\"]}]},{\"@type\":\"BreadcrumbList\",\"@id\":\"https:\/\/amicibeach.com\/de\/tag-strand\/#breadcrumb\",\"itemListElement\":[{\"@type\":\"ListItem\",\"position\":1,\"name\":\"Startseite\",\"item\":\"https:\/\/amicibeach.com\/de\/\"},{\"@type\":\"ListItem\",\"position\":2,\"name\":\"Tagesstrand\"}]},{\"@type\":\"WebSite\",\"@id\":\"https:\/\/amicibeach.com\/#website\",\"url\":\"https:\/\/amicibeach.com\/\",\"name\":\"Amici Beach\",\"description\":\"The place to be\",\"publisher\":{\"@id\":\"https:\/\/amicibeach.com\/#organization\"},\"potentialAction\":[{\"@type\":\"SearchAction\",\"target\":{\"@type\":\"EntryPoint\",\"urlTemplate\":\"https:\/\/amicibeach.com\/?s={search_term_string}\"},\"query-input\":{\"@type\":\"PropertyValueSpecification\",\"valueRequired\":true,\"valueName\":\"search_term_string\"}}],\"inLanguage\":\"de\"},{\"@type\":\"Organization\",\"@id\":\"https:\/\/amicibeach.com\/#organization\",\"name\":\"Amici Beach\",\"url\":\"https:\/\/amicibeach.com\/\",\"logo\":{\"@type\":\"ImageObject\",\"inLanguage\":\"de\",\"@id\":\"https:\/\/amicibeach.com\/#\/schema\/logo\/image\/\",\"url\":\"https:\/\/amicibeach.com\/wp-content\/uploads\/2025\/05\/amici-beach-full-color-rgb.svg\",\"contentUrl\":\"https:\/\/amicibeach.com\/wp-content\/uploads\/2025\/05\/amici-beach-full-color-rgb.svg\",\"width\":163,\"height\":100,\"caption\":\"Amici Beach\"},\"image\":{\"@id\":\"https:\/\/amicibeach.com\/#\/schema\/logo\/image\/\"}}]}<\/script>\n<!-- \/ Yoast SEO plugin. -->","yoast_head_json":{"title":"Tagesstrand - Amici Beach","robots":{"index":"index","follow":"follow","max-snippet":"max-snippet:-1","max-image-preview":"max-image-preview:large","max-video-preview":"max-video-preview:-1"},"canonical":"https:\/\/amicibeach.com\/de\/tag-strand\/","og_locale":"de_DE","og_type":"article","og_title":"Tagesstrand - Amici Beach","og_description":"TAGESSTRAND TAGESSTRAND Amici Beach LIFE AT THE BEACH In der N\u00e4he des Grenz\u00fcbergangs Rothenbach bei Wassenberg haben Sie das Gef\u00fchl, f\u00fcr einen Tag im Urlaub zu sein. Der Amici Beach [&hellip;]","og_url":"https:\/\/amicibeach.com\/de\/tag-strand\/","og_site_name":"Amici Beach","article_modified_time":"2025-08-26T07:53:20+00:00","twitter_card":"summary_large_image","twitter_misc":{"Gesch\u00e4tzte Lesezeit":"1\u00a0Minute"},"schema":{"@context":"https:\/\/schema.org","@graph":[{"@type":"WebPage","@id":"https:\/\/amicibeach.com\/de\/tag-strand\/","url":"https:\/\/amicibeach.com\/de\/tag-strand\/","name":"Tagesstrand - Amici Beach","isPartOf":{"@id":"https:\/\/amicibeach.com\/#website"},"datePublished":"2025-04-24T11:18:10+00:00","dateModified":"2025-08-26T07:53:20+00:00","breadcrumb":{"@id":"https:\/\/amicibeach.com\/de\/tag-strand\/#breadcrumb"},"inLanguage":"de","potentialAction":[{"@type":"ReadAction","target":["https:\/\/amicibeach.com\/de\/tag-strand\/"]}]},{"@type":"BreadcrumbList","@id":"https:\/\/amicibeach.com\/de\/tag-strand\/#breadcrumb","itemListElement":[{"@type":"ListItem","position":1,"name":"Startseite","item":"https:\/\/amicibeach.com\/de\/"},{"@type":"ListItem","position":2,"name":"Tagesstrand"}]},{"@type":"WebSite","@id":"https:\/\/amicibeach.com\/#website","url":"https:\/\/amicibeach.com\/","name":"Amici Beach","description":"The place to be","publisher":{"@id":"https:\/\/amicibeach.com\/#organization"},"potentialAction":[{"@type":"SearchAction","target":{"@type":"EntryPoint","urlTemplate":"https:\/\/amicibeach.com\/?s={search_term_string}"},"query-input":{"@type":"PropertyValueSpecification","valueRequired":true,"valueName":"search_term_string"}}],"inLanguage":"de"},{"@type":"Organization","@id":"https:\/\/amicibeach.com\/#organization","name":"Amici Beach","url":"https:\/\/amicibeach.com\/","logo":{"@type":"ImageObject","inLanguage":"de","@id":"https:\/\/amicibeach.com\/#\/schema\/logo\/image\/","url":"https:\/\/amicibeach.com\/wp-content\/uploads\/2025\/05\/amici-beach-full-color-rgb.svg","contentUrl":"https:\/\/amicibeach.com\/wp-content\/uploads\/2025\/05\/amici-beach-full-color-rgb.svg","width":163,"height":100,"caption":"Amici Beach"},"image":{"@id":"https:\/\/amicibeach.com\/#\/schema\/logo\/image\/"}}]}},"_links":{"self":[{"href":"https:\/\/amicibeach.com\/de\/wp-json\/wp\/v2\/pages\/1958","targetHints":{"allow":["GET"]}}],"collection":[{"href":"https:\/\/amicibeach.com\/de\/wp-json\/wp\/v2\/pages"}],"about":[{"href":"https:\/\/amicibeach.com\/de\/wp-json\/wp\/v2\/types\/page"}],"author":[{"embeddable":true,"href":"https:\/\/amicibeach.com\/de\/wp-json\/wp\/v2\/users\/1"}],"replies":[{"embeddable":true,"href":"https:\/\/amicibeach.com\/de\/wp-json\/wp\/v2\/comments?post=1958"}],"version-history":[{"count":15,"href":"https:\/\/amicibeach.com\/de\/wp-json\/wp\/v2\/pages\/1958\/revisions"}],"predecessor-version":[{"id":4195,"href":"https:\/\/amicibeach.com\/de\/wp-json\/wp\/v2\/pages\/1958\/revisions\/4195"}],"wp:attachment":[{"href":"https:\/\/amicibeach.com\/de\/wp-json\/wp\/v2\/media?parent=1958"}],"curies":[{"name":"wp","href":"https:\/\/api.w.org\/{rel}","templated":true}]}}