{"id":1980,"date":"2025-05-08T07:59:28","date_gmt":"2025-05-08T07:59:28","guid":{"rendered":"https:\/\/amicibeach.com\/flyboarden\/"},"modified":"2025-09-18T09:53:55","modified_gmt":"2025-09-18T09:53:55","slug":"flyboarden","status":"publish","type":"page","link":"http:\/\/amicibeach.com\/de\/flyboarden\/","title":{"rendered":"Flyboarden"},"content":{"rendered":"\t\t<div data-elementor-type=\"wp-page\" data-elementor-id=\"1980\" class=\"elementor elementor-1980 elementor-1182\" data-elementor-post-type=\"page\">\n\t\t\t\t<div class=\"elementor-element elementor-element-1a909565 e-flex e-con-boxed e-con e-parent\" data-id=\"1a909565\" data-element_type=\"container\" data-settings=\"{&quot;background_background&quot;:&quot;classic&quot;}\">\n\t\t\t\t\t<div class=\"e-con-inner\">\n\t\t<div class=\"elementor-element elementor-element-4d95bb05 e-con-full e-flex e-con e-child\" data-id=\"4d95bb05\" data-element_type=\"container\">\n\t\t\t\t<div class=\"elementor-element elementor-element-729ad4b0 elementor-invisible elementor-widget elementor-widget-heading\" data-id=\"729ad4b0\" data-element_type=\"widget\" data-settings=\"{&quot;_animation&quot;:&quot;fadeInDown&quot;}\" data-widget_type=\"heading.default\">\n\t\t\t\t<div class=\"elementor-widget-container\">\n\t\t\t\t\t<h1 class=\"elementor-heading-title elementor-size-default\">FLYBOARDEN<\/h1>\t\t\t\t<\/div>\n\t\t\t\t<\/div>\n\t\t\t\t<div class=\"elementor-element elementor-element-78db272 elementor-widget elementor-widget-heading\" data-id=\"78db272\" data-element_type=\"widget\" data-widget_type=\"heading.default\">\n\t\t\t\t<div class=\"elementor-widget-container\">\n\t\t\t\t\t<h4 class=\"elementor-heading-title elementor-size-default\">Partner von Amici Beach<\/h4>\t\t\t\t<\/div>\n\t\t\t\t<\/div>\n\t\t\t\t<\/div>\n\t\t\t\t\t<\/div>\n\t\t\t\t<\/div>\n\t\t<div class=\"elementor-element elementor-element-ba92900 e-flex e-con-boxed e-con e-parent\" data-id=\"ba92900\" data-element_type=\"container\" data-settings=\"{&quot;background_background&quot;:&quot;classic&quot;}\">\n\t\t\t\t\t<div class=\"e-con-inner\">\n\t\t<div class=\"elementor-element elementor-element-0e4fb7f e-con-full e-flex e-con e-child\" data-id=\"0e4fb7f\" data-element_type=\"container\">\n\t\t\t\t<div class=\"elementor-element elementor-element-2a66593 elementor-widget elementor-widget-heading\" data-id=\"2a66593\" data-element_type=\"widget\" data-widget_type=\"heading.default\">\n\t\t\t\t<div class=\"elementor-widget-container\">\n\t\t\t\t\t<h2 class=\"elementor-heading-title elementor-size-default\">The sky is the limit<\/h2>\t\t\t\t<\/div>\n\t\t\t\t<\/div>\n\t\t\t\t<div class=\"elementor-element elementor-element-be932f3 elementor-widget-divider--view-line elementor-widget elementor-widget-divider\" data-id=\"be932f3\" data-element_type=\"widget\" data-widget_type=\"divider.default\">\n\t\t\t\t<div class=\"elementor-widget-container\">\n\t\t\t\t\t\t\t<div class=\"elementor-divider\">\n\t\t\t<span class=\"elementor-divider-separator\">\n\t\t\t\t\t\t<\/span>\n\t\t<\/div>\n\t\t\t\t\t\t<\/div>\n\t\t\t\t<\/div>\n\t\t<div class=\"elementor-element elementor-element-4d1439b e-con-full e-flex e-con e-child\" data-id=\"4d1439b\" data-element_type=\"container\">\n\t\t<div class=\"elementor-element elementor-element-0994ebf e-con-full e-flex e-con e-child\" data-id=\"0994ebf\" data-element_type=\"container\">\n\t\t\t\t<div class=\"elementor-element elementor-element-e0756d4 elementor-widget elementor-widget-heading\" data-id=\"e0756d4\" data-element_type=\"widget\" data-widget_type=\"heading.default\">\n\t\t\t\t<div class=\"elementor-widget-container\">\n\t\t\t\t\t<h3 class=\"elementor-heading-title elementor-size-default\">FLY LIKE\n<br>AN EAGLEs<\/h3>\t\t\t\t<\/div>\n\t\t\t\t<\/div>\n\t\t\t\t<\/div>\n\t\t<div class=\"elementor-element elementor-element-55d99b7 e-con-full e-flex e-con e-child\" data-id=\"55d99b7\" data-element_type=\"container\">\n\t\t\t\t<div class=\"elementor-element elementor-element-0cad577 elementor-widget elementor-widget-text-editor\" data-id=\"0cad577\" data-element_type=\"widget\" data-widget_type=\"text-editor.default\">\n\t\t\t\t<div class=\"elementor-widget-container\">\n\t\t\t\t\t\t\t\t\t<p class=\"\" data-start=\"55\" data-end=\"151\"><strong>F\u00fchlen Sie sich frei wie ein Delphin: Erleben Sie den kick des Flyboardens!<\/strong><\/p><p class=\"\" data-start=\"143\" data-end=\"548\">Wollten Sie schon immer mal \u00fcber das Wasser fliegen? Beim Flyboarding schweben Sie dank der Kraft eines Jetskis meterhoch und machen spektakul\u00e4re Spr\u00fcnge. Es mag wie etwas f\u00fcr Draufg\u00e4nger erscheinen, aber die gute Nachricht: <strong data-start=\"418\" data-end=\"445\">Erfahrung ist nicht erforderlich!<\/strong> Mit einer kurzen Einweisung und der Hilfe eines erfahrenen Guides kann es jeder lernen &#8211; egal ob jung oder alt.  <\/p><p class=\"\" data-start=\"550\" data-end=\"687\">Sind Sie bereit, das Wasser zu bezwingen und Ihren inneren Flipper zu entfesseln? Buchen Sie Ihr Flyboarding-Erlebnis und erleben Sie ein unvergessliches Abenteuer! <\/p>\t\t\t\t\t\t\t\t<\/div>\n\t\t\t\t<\/div>\n\t\t\t\t<div class=\"elementor-element elementor-element-ab37840 elementor-widget elementor-widget-text-editor\" data-id=\"ab37840\" data-element_type=\"widget\" data-widget_type=\"text-editor.default\">\n\t\t\t\t<div class=\"elementor-widget-container\">\n\t\t\t\t\t\t\t\t\t<div>Amici Beach Cablepark<\/div><div>Bruchstra\u00dfe 32<\/div><div>41849 Wassenberg<\/div>\t\t\t\t\t\t\t\t<\/div>\n\t\t\t\t<\/div>\n\t\t<div class=\"elementor-element elementor-element-5435b41 e-con-full e-flex e-con e-child\" data-id=\"5435b41\" data-element_type=\"container\">\n\t\t\t\t<div class=\"elementor-element elementor-element-28391ae elementor-widget elementor-widget-heading\" data-id=\"28391ae\" data-element_type=\"widget\" data-widget_type=\"heading.default\">\n\t\t\t\t<div class=\"elementor-widget-container\">\n\t\t\t\t\t<h5 class=\"elementor-heading-title elementor-size-default\">Reservieren:<\/h5>\t\t\t\t<\/div>\n\t\t\t\t<\/div>\n\t\t\t\t<div class=\"elementor-element elementor-element-e5bd8f3 elementor-align-left elementor-widget elementor-widget-button\" data-id=\"e5bd8f3\" data-element_type=\"widget\" data-widget_type=\"button.default\">\n\t\t\t\t<div class=\"elementor-widget-container\">\n\t\t\t\t\t\t\t\t\t<div class=\"elementor-button-wrapper\">\n\t\t\t\t\t<a class=\"elementor-button elementor-button-link elementor-size-sm\" href=\"tel:+491781073090\">\n\t\t\t\t\t\t<span class=\"elementor-button-content-wrapper\">\n\t\t\t\t\t\t<span class=\"elementor-button-icon\">\n\t\t\t\t<i aria-hidden=\"true\" class=\"fas fa-phone-alt\"><\/i>\t\t\t<\/span>\n\t\t\t\t\t\t\t\t\t<span class=\"elementor-button-text\">+49 178 107 3090<\/span>\n\t\t\t\t\t<\/span>\n\t\t\t\t\t<\/a>\n\t\t\t\t<\/div>\n\t\t\t\t\t\t\t\t<\/div>\n\t\t\t\t<\/div>\n\t\t\t\t<div class=\"elementor-element elementor-element-86e3829 elementor-align-left elementor-widget elementor-widget-button\" data-id=\"86e3829\" data-element_type=\"widget\" data-widget_type=\"button.default\">\n\t\t\t\t<div class=\"elementor-widget-container\">\n\t\t\t\t\t\t\t\t\t<div class=\"elementor-button-wrapper\">\n\t\t\t\t\t<a class=\"elementor-button elementor-button-link elementor-size-sm\" href=\"mailto:%20cablepark@amicibeach.com\">\n\t\t\t\t\t\t<span class=\"elementor-button-content-wrapper\">\n\t\t\t\t\t\t<span class=\"elementor-button-icon\">\n\t\t\t\t<i aria-hidden=\"true\" class=\"fas fa-envelope\"><\/i>\t\t\t<\/span>\n\t\t\t\t\t\t\t\t\t<span class=\"elementor-button-text\">cablepark@amicibeach.com<\/span>\n\t\t\t\t\t<\/span>\n\t\t\t\t\t<\/a>\n\t\t\t\t<\/div>\n\t\t\t\t\t\t\t\t<\/div>\n\t\t\t\t<\/div>\n\t\t\t\t<\/div>\n\t\t\t\t<\/div>\n\t\t\t\t<\/div>\n\t\t\t\t<\/div>\n\t\t\t\t\t<\/div>\n\t\t\t\t<\/div>\n\t\t<div class=\"elementor-element elementor-element-2184275 e-con-full e-flex e-con e-parent\" data-id=\"2184275\" data-element_type=\"container\" data-settings=\"{&quot;background_background&quot;:&quot;classic&quot;}\">\n\t\t<div class=\"elementor-element elementor-element-2889b6a e-con-full animated-slow e-flex elementor-invisible e-con e-child\" data-id=\"2889b6a\" data-element_type=\"container\" data-settings=\"{&quot;background_background&quot;:&quot;classic&quot;,&quot;animation&quot;:&quot;fadeInLeft&quot;}\">\n\t\t\t\t<\/div>\n\t\t<div class=\"elementor-element elementor-element-cda6098 e-con-full animated-slow e-flex elementor-invisible e-con e-child\" data-id=\"cda6098\" data-element_type=\"container\" data-settings=\"{&quot;background_background&quot;:&quot;classic&quot;,&quot;animation&quot;:&quot;fadeInRight&quot;}\">\n\t\t\t\t<div class=\"elementor-element elementor-element-3b25f3b elementor-widget elementor-widget-heading\" data-id=\"3b25f3b\" data-element_type=\"widget\" data-widget_type=\"heading.default\">\n\t\t\t\t<div class=\"elementor-widget-container\">\n\t\t\t\t\t<h3 class=\"elementor-heading-title elementor-size-default\">Flyboarding Preise<\/h3>\t\t\t\t<\/div>\n\t\t\t\t<\/div>\n\t\t\t\t<div class=\"elementor-element elementor-element-5da6c35 elementor-widget elementor-widget-heading\" data-id=\"5da6c35\" data-element_type=\"widget\" data-widget_type=\"heading.default\">\n\t\t\t\t<div class=\"elementor-widget-container\">\n\t\t\t\t\t<h3 class=\"elementor-heading-title elementor-size-default\">Preis pro Person<\/h3>\t\t\t\t<\/div>\n\t\t\t\t<\/div>\n\t\t\t\t<div class=\"elementor-element elementor-element-139088e elementor-widget elementor-widget-price-list\" data-id=\"139088e\" data-element_type=\"widget\" data-widget_type=\"price-list.default\">\n\t\t\t\t<div class=\"elementor-widget-container\">\n\t\t\t\t\t\n\t\t<ul class=\"elementor-price-list\">\n\n\t\t\t\t\t\t\t\t\t<li><a class=\"elementor-price-list-item\" href=\"#\">\t\t\t\t\n\t\t\t\t<div class=\"elementor-price-list-text\">\n\t\t\t\t\t\t\t\t\t<div class=\"elementor-price-list-header\">\n\t\t\t\t\t\t\t\t\t\t\t<span class=\"elementor-price-list-title\">\n\t\t\t\t\t\t\t20 min\t\t\t\t\t\t<\/span>\n\t\t\t\t\t\t\t\t\t\t\t\t\t\t\t\t\t\t<span class=\"elementor-price-list-separator\"><\/span>\n\t\t\t\t\t\t\t\t\t\t\t\t\t\t\t\t\t\t\t<span class=\"elementor-price-list-price\">\u20ac 80,00<\/span>\n\t\t\t\t\t\t\t\t\t\t<\/div>\n\t\t\t\t\t\t\t\t\t\t\t\t<\/div>\n\t\t\t\t<\/a><\/li>\t\t\t\t\t\t\t\t\t\t\t\t<li><a class=\"elementor-price-list-item\" href=\"#\">\t\t\t\t\n\t\t\t\t<div class=\"elementor-price-list-text\">\n\t\t\t\t\t\t\t\t\t<div class=\"elementor-price-list-header\">\n\t\t\t\t\t\t\t\t\t\t\t<span class=\"elementor-price-list-title\">\n\t\t\t\t\t\t\t30 min\t\t\t\t\t\t<\/span>\n\t\t\t\t\t\t\t\t\t\t\t\t\t\t\t\t\t\t<span class=\"elementor-price-list-separator\"><\/span>\n\t\t\t\t\t\t\t\t\t\t\t\t\t\t\t\t\t\t\t<span class=\"elementor-price-list-price\">\u20ac 109,00<\/span>\n\t\t\t\t\t\t\t\t\t\t<\/div>\n\t\t\t\t\t\t\t\t\t\t\t\t<\/div>\n\t\t\t\t<\/a><\/li>\t\t\t\t\t\t\t\t\t\t\t\t<li><a class=\"elementor-price-list-item\" href=\"#\">\t\t\t\t\n\t\t\t\t<div class=\"elementor-price-list-text\">\n\t\t\t\t\t\t\t\t\t<div class=\"elementor-price-list-header\">\n\t\t\t\t\t\t\t\t\t\t\t<span class=\"elementor-price-list-title\">\n\t\t\t\t\t\t\tExtra 5 min\t\t\t\t\t\t<\/span>\n\t\t\t\t\t\t\t\t\t\t\t\t\t\t\t\t\t\t<span class=\"elementor-price-list-separator\"><\/span>\n\t\t\t\t\t\t\t\t\t\t\t\t\t\t\t\t\t\t\t<span class=\"elementor-price-list-price\">\u20ac 15,00<\/span>\n\t\t\t\t\t\t\t\t\t\t<\/div>\n\t\t\t\t\t\t\t\t\t\t\t\t<\/div>\n\t\t\t\t<\/a><\/li>\t\t\t\t\t\n\t\t<\/ul>\n\n\t\t\t\t\t\t<\/div>\n\t\t\t\t<\/div>\n\t\t\t\t<div class=\"elementor-element elementor-element-5bff1c2 elementor-widget elementor-widget-text-editor\" data-id=\"5bff1c2\" data-element_type=\"widget\" data-widget_type=\"text-editor.default\">\n\t\t\t\t<div class=\"elementor-widget-container\">\n\t\t\t\t\t\t\t\t\t<p>Inklusive 10 Minuten Einf\u00fchrung + Neoprenanzug + Helm.<\/p><p>Sind Sie zum ersten Mal beim Flyboarden? Dann empfehlen wir Ihnen eine 30-min\u00fctige Sitzung. <\/p>\t\t\t\t\t\t\t\t<\/div>\n\t\t\t\t<\/div>\n\t\t\t\t<div class=\"elementor-element elementor-element-0789d09 elementor-widget elementor-widget-heading\" data-id=\"0789d09\" data-element_type=\"widget\" data-widget_type=\"heading.default\">\n\t\t\t\t<div class=\"elementor-widget-container\">\n\t\t\t\t\t<h3 class=\"elementor-heading-title elementor-size-default\">Einzelpersonen oder Gruppen: jetzt buchen<\/h3>\t\t\t\t<\/div>\n\t\t\t\t<\/div>\n\t\t\t\t<div class=\"elementor-element elementor-element-b0f72bd elementor-widget elementor-widget-text-editor\" data-id=\"b0f72bd\" data-element_type=\"widget\" data-widget_type=\"text-editor.default\">\n\t\t\t\t<div class=\"elementor-widget-container\">\n\t\t\t\t\t\t\t\t\t<p>Nur auf Anfrage unter:<br><a class=\"cursor-pointer\" href=\"mailto:cablepark@amicibeach.com\" rel=\"noopener\" data-start=\"762\" data-end=\"786\">cablepark@amicibeach.com<br><\/a><a class=\"cursor-pointer\" href=\"tel:+491781073090\" rel=\"noopener\" data-start=\"762\" data-end=\"786\">+49 178 107 3090<br><\/a><\/p>\t\t\t\t\t\t\t\t<\/div>\n\t\t\t\t<\/div>\n\t\t\t\t<\/div>\n\t\t\t\t<\/div>\n\t\t\t\t<\/div>\n\t\t","protected":false},"excerpt":{"rendered":"<p>FLYBOARDEN Partner von Amici Beach The sky is the limit FLY LIKE AN EAGLEs F\u00fchlen Sie sich frei wie ein Delphin: Erleben Sie den kick des Flyboardens! Wollten Sie schon [&hellip;]<\/p>\n","protected":false},"author":1,"featured_media":0,"parent":0,"menu_order":0,"comment_status":"closed","ping_status":"closed","template":"","meta":{"_acf_changed":false,"site-sidebar-layout":"no-sidebar","site-content-layout":"page-builder","ast-site-content-layout":"full-width-container","site-content-style":"unboxed","site-sidebar-style":"unboxed","ast-global-header-display":"","ast-banner-title-visibility":"","ast-main-header-display":"","ast-hfb-above-header-display":"","ast-hfb-below-header-display":"","ast-hfb-mobile-header-display":"","site-post-title":"disabled","ast-breadcrumbs-content":"disabled","ast-featured-img":"disabled","footer-sml-layout":"","ast-disable-related-posts":"","theme-transparent-header-meta":"enabled","adv-header-id-meta":"","stick-header-meta":"default","header-above-stick-meta":"","header-main-stick-meta":"","header-below-stick-meta":"","astra-migrate-meta-layouts":"default","ast-page-background-enabled":"default","ast-page-background-meta":{"desktop":{"background-color":"","background-image":"","background-repeat":"repeat","background-position":"center center","background-size":"auto","background-attachment":"scroll","background-type":"","background-media":"","overlay-type":"","overlay-color":"","overlay-opacity":"","overlay-gradient":""},"tablet":{"background-color":"","background-image":"","background-repeat":"repeat","background-position":"center center","background-size":"auto","background-attachment":"scroll","background-type":"","background-media":"","overlay-type":"","overlay-color":"","overlay-opacity":"","overlay-gradient":""},"mobile":{"background-color":"","background-image":"","background-repeat":"repeat","background-position":"center center","background-size":"auto","background-attachment":"scroll","background-type":"","background-media":"","overlay-type":"","overlay-color":"","overlay-opacity":"","overlay-gradient":""}},"ast-content-background-meta":{"desktop":{"background-color":"var(--ast-global-color-5)","background-image":"","background-repeat":"repeat","background-position":"center center","background-size":"auto","background-attachment":"scroll","background-type":"","background-media":"","overlay-type":"","overlay-color":"","overlay-opacity":"","overlay-gradient":""},"tablet":{"background-color":"var(--ast-global-color-5)","background-image":"","background-repeat":"repeat","background-position":"center center","background-size":"auto","background-attachment":"scroll","background-type":"","background-media":"","overlay-type":"","overlay-color":"","overlay-opacity":"","overlay-gradient":""},"mobile":{"background-color":"var(--ast-global-color-5)","background-image":"","background-repeat":"repeat","background-position":"center center","background-size":"auto","background-attachment":"scroll","background-type":"","background-media":"","overlay-type":"","overlay-color":"","overlay-opacity":"","overlay-gradient":""}},"footnotes":""},"class_list":["post-1980","page","type-page","status-publish","hentry"],"acf":[],"yoast_head":"<!-- This site is optimized with the Yoast SEO plugin v26.1.1 - https:\/\/yoast.com\/wordpress\/plugins\/seo\/ -->\n<title>Flyboarden - Amici Beach<\/title>\n<meta name=\"robots\" content=\"index, follow, max-snippet:-1, max-image-preview:large, max-video-preview:-1\" \/>\n<link rel=\"canonical\" href=\"http:\/\/amicibeach.com\/de\/flyboarden\/\" \/>\n<meta property=\"og:locale\" content=\"de_DE\" \/>\n<meta property=\"og:type\" content=\"article\" \/>\n<meta property=\"og:title\" content=\"Flyboarden - Amici Beach\" \/>\n<meta property=\"og:description\" content=\"FLYBOARDEN Partner von Amici Beach The sky is the limit FLY LIKE AN EAGLEs F\u00fchlen Sie sich frei wie ein Delphin: Erleben Sie den kick des Flyboardens! Wollten Sie schon [&hellip;]\" \/>\n<meta property=\"og:url\" content=\"http:\/\/amicibeach.com\/de\/flyboarden\/\" \/>\n<meta property=\"og:site_name\" content=\"Amici Beach\" \/>\n<meta property=\"article:modified_time\" content=\"2025-09-18T09:53:55+00:00\" \/>\n<meta name=\"twitter:card\" content=\"summary_large_image\" \/>\n<meta name=\"twitter:label1\" content=\"Gesch\u00e4tzte Lesezeit\" \/>\n\t<meta name=\"twitter:data1\" content=\"1\u00a0Minute\" \/>\n<script type=\"application\/ld+json\" class=\"yoast-schema-graph\">{\"@context\":\"https:\/\/schema.org\",\"@graph\":[{\"@type\":\"WebPage\",\"@id\":\"http:\/\/amicibeach.com\/de\/flyboarden\/\",\"url\":\"http:\/\/amicibeach.com\/de\/flyboarden\/\",\"name\":\"Flyboarden - Amici Beach\",\"isPartOf\":{\"@id\":\"https:\/\/amicibeach.com\/#website\"},\"datePublished\":\"2025-05-08T07:59:28+00:00\",\"dateModified\":\"2025-09-18T09:53:55+00:00\",\"breadcrumb\":{\"@id\":\"http:\/\/amicibeach.com\/de\/flyboarden\/#breadcrumb\"},\"inLanguage\":\"de\",\"potentialAction\":[{\"@type\":\"ReadAction\",\"target\":[\"http:\/\/amicibeach.com\/de\/flyboarden\/\"]}]},{\"@type\":\"BreadcrumbList\",\"@id\":\"http:\/\/amicibeach.com\/de\/flyboarden\/#breadcrumb\",\"itemListElement\":[{\"@type\":\"ListItem\",\"position\":1,\"name\":\"Startseite\",\"item\":\"https:\/\/amicibeach.com\/de\/\"},{\"@type\":\"ListItem\",\"position\":2,\"name\":\"Flyboarden\"}]},{\"@type\":\"WebSite\",\"@id\":\"https:\/\/amicibeach.com\/#website\",\"url\":\"https:\/\/amicibeach.com\/\",\"name\":\"Amici Beach\",\"description\":\"The place to be\",\"publisher\":{\"@id\":\"https:\/\/amicibeach.com\/#organization\"},\"potentialAction\":[{\"@type\":\"SearchAction\",\"target\":{\"@type\":\"EntryPoint\",\"urlTemplate\":\"https:\/\/amicibeach.com\/?s={search_term_string}\"},\"query-input\":{\"@type\":\"PropertyValueSpecification\",\"valueRequired\":true,\"valueName\":\"search_term_string\"}}],\"inLanguage\":\"de\"},{\"@type\":\"Organization\",\"@id\":\"https:\/\/amicibeach.com\/#organization\",\"name\":\"Amici Beach\",\"url\":\"https:\/\/amicibeach.com\/\",\"logo\":{\"@type\":\"ImageObject\",\"inLanguage\":\"de\",\"@id\":\"https:\/\/amicibeach.com\/#\/schema\/logo\/image\/\",\"url\":\"http:\/\/amicibeach.com\/wp-content\/uploads\/2025\/05\/amici-beach-full-color-rgb.svg\",\"contentUrl\":\"http:\/\/amicibeach.com\/wp-content\/uploads\/2025\/05\/amici-beach-full-color-rgb.svg\",\"width\":163,\"height\":100,\"caption\":\"Amici Beach\"},\"image\":{\"@id\":\"https:\/\/amicibeach.com\/#\/schema\/logo\/image\/\"}}]}<\/script>\n<!-- \/ Yoast SEO plugin. -->","yoast_head_json":{"title":"Flyboarden - Amici Beach","robots":{"index":"index","follow":"follow","max-snippet":"max-snippet:-1","max-image-preview":"max-image-preview:large","max-video-preview":"max-video-preview:-1"},"canonical":"http:\/\/amicibeach.com\/de\/flyboarden\/","og_locale":"de_DE","og_type":"article","og_title":"Flyboarden - Amici Beach","og_description":"FLYBOARDEN Partner von Amici Beach The sky is the limit FLY LIKE AN EAGLEs F\u00fchlen Sie sich frei wie ein Delphin: Erleben Sie den kick des Flyboardens! Wollten Sie schon [&hellip;]","og_url":"http:\/\/amicibeach.com\/de\/flyboarden\/","og_site_name":"Amici Beach","article_modified_time":"2025-09-18T09:53:55+00:00","twitter_card":"summary_large_image","twitter_misc":{"Gesch\u00e4tzte Lesezeit":"1\u00a0Minute"},"schema":{"@context":"https:\/\/schema.org","@graph":[{"@type":"WebPage","@id":"http:\/\/amicibeach.com\/de\/flyboarden\/","url":"http:\/\/amicibeach.com\/de\/flyboarden\/","name":"Flyboarden - Amici Beach","isPartOf":{"@id":"https:\/\/amicibeach.com\/#website"},"datePublished":"2025-05-08T07:59:28+00:00","dateModified":"2025-09-18T09:53:55+00:00","breadcrumb":{"@id":"http:\/\/amicibeach.com\/de\/flyboarden\/#breadcrumb"},"inLanguage":"de","potentialAction":[{"@type":"ReadAction","target":["http:\/\/amicibeach.com\/de\/flyboarden\/"]}]},{"@type":"BreadcrumbList","@id":"http:\/\/amicibeach.com\/de\/flyboarden\/#breadcrumb","itemListElement":[{"@type":"ListItem","position":1,"name":"Startseite","item":"https:\/\/amicibeach.com\/de\/"},{"@type":"ListItem","position":2,"name":"Flyboarden"}]},{"@type":"WebSite","@id":"https:\/\/amicibeach.com\/#website","url":"https:\/\/amicibeach.com\/","name":"Amici Beach","description":"The place to be","publisher":{"@id":"https:\/\/amicibeach.com\/#organization"},"potentialAction":[{"@type":"SearchAction","target":{"@type":"EntryPoint","urlTemplate":"https:\/\/amicibeach.com\/?s={search_term_string}"},"query-input":{"@type":"PropertyValueSpecification","valueRequired":true,"valueName":"search_term_string"}}],"inLanguage":"de"},{"@type":"Organization","@id":"https:\/\/amicibeach.com\/#organization","name":"Amici Beach","url":"https:\/\/amicibeach.com\/","logo":{"@type":"ImageObject","inLanguage":"de","@id":"https:\/\/amicibeach.com\/#\/schema\/logo\/image\/","url":"http:\/\/amicibeach.com\/wp-content\/uploads\/2025\/05\/amici-beach-full-color-rgb.svg","contentUrl":"http:\/\/amicibeach.com\/wp-content\/uploads\/2025\/05\/amici-beach-full-color-rgb.svg","width":163,"height":100,"caption":"Amici Beach"},"image":{"@id":"https:\/\/amicibeach.com\/#\/schema\/logo\/image\/"}}]}},"_links":{"self":[{"href":"http:\/\/amicibeach.com\/de\/wp-json\/wp\/v2\/pages\/1980","targetHints":{"allow":["GET"]}}],"collection":[{"href":"http:\/\/amicibeach.com\/de\/wp-json\/wp\/v2\/pages"}],"about":[{"href":"http:\/\/amicibeach.com\/de\/wp-json\/wp\/v2\/types\/page"}],"author":[{"embeddable":true,"href":"http:\/\/amicibeach.com\/de\/wp-json\/wp\/v2\/users\/1"}],"replies":[{"embeddable":true,"href":"http:\/\/amicibeach.com\/de\/wp-json\/wp\/v2\/comments?post=1980"}],"version-history":[{"count":13,"href":"http:\/\/amicibeach.com\/de\/wp-json\/wp\/v2\/pages\/1980\/revisions"}],"predecessor-version":[{"id":4289,"href":"http:\/\/amicibeach.com\/de\/wp-json\/wp\/v2\/pages\/1980\/revisions\/4289"}],"wp:attachment":[{"href":"http:\/\/amicibeach.com\/de\/wp-json\/wp\/v2\/media?parent=1980"}],"curies":[{"name":"wp","href":"https:\/\/api.w.org\/{rel}","templated":true}]}}