{"id":1918,"date":"2025-04-24T11:21:30","date_gmt":"2025-04-24T11:21:30","guid":{"rendered":"https:\/\/amicibeach.com\/tauchen\/"},"modified":"2025-06-19T13:03:26","modified_gmt":"2025-06-19T13:03:26","slug":"tauchen","status":"publish","type":"page","link":"http:\/\/amicibeach.com\/de\/tauchen\/","title":{"rendered":"Tauchen"},"content":{"rendered":"\t\t<div data-elementor-type=\"wp-page\" data-elementor-id=\"1918\" class=\"elementor elementor-1918 elementor-867\" data-elementor-post-type=\"page\">\n\t\t\t\t<div class=\"elementor-element elementor-element-1a909565 e-flex e-con-boxed e-con e-parent\" data-id=\"1a909565\" data-element_type=\"container\" data-settings=\"{&quot;background_background&quot;:&quot;classic&quot;}\">\n\t\t\t\t\t<div class=\"e-con-inner\">\n\t\t<div class=\"elementor-element elementor-element-4d95bb05 e-con-full e-flex e-con e-child\" data-id=\"4d95bb05\" data-element_type=\"container\">\n\t\t\t\t<div class=\"elementor-element elementor-element-729ad4b0 elementor-invisible elementor-widget elementor-widget-heading\" data-id=\"729ad4b0\" data-element_type=\"widget\" data-settings=\"{&quot;_animation&quot;:&quot;fadeInDown&quot;}\" data-widget_type=\"heading.default\">\n\t\t\t\t<div class=\"elementor-widget-container\">\n\t\t\t\t\t<h1 class=\"elementor-heading-title elementor-size-default\">TAUCHEN<\/h1>\t\t\t\t<\/div>\n\t\t\t\t<\/div>\n\t\t\t\t<\/div>\n\t\t\t\t\t<\/div>\n\t\t\t\t<\/div>\n\t\t<div class=\"elementor-element elementor-element-932acce e-flex e-con-boxed e-con e-parent\" data-id=\"932acce\" data-element_type=\"container\" id=\"duiken\" data-settings=\"{&quot;background_background&quot;:&quot;classic&quot;}\">\n\t\t\t\t\t<div class=\"e-con-inner\">\n\t\t<div class=\"elementor-element elementor-element-18a9abf e-con-full e-flex e-con e-child\" data-id=\"18a9abf\" data-element_type=\"container\">\n\t\t\t\t<div class=\"elementor-element elementor-element-4da39a5 elementor-widget elementor-widget-heading\" data-id=\"4da39a5\" data-element_type=\"widget\" data-widget_type=\"heading.default\">\n\t\t\t\t<div class=\"elementor-widget-container\">\n\t\t\t\t\t<h2 class=\"elementor-heading-title elementor-size-default\">Unterwasserwelt<\/h2>\t\t\t\t<\/div>\n\t\t\t\t<\/div>\n\t\t\t\t<div class=\"elementor-element elementor-element-650ce4a elementor-widget-divider--view-line elementor-widget elementor-widget-divider\" data-id=\"650ce4a\" data-element_type=\"widget\" data-widget_type=\"divider.default\">\n\t\t\t\t<div class=\"elementor-widget-container\">\n\t\t\t\t\t\t\t<div class=\"elementor-divider\">\n\t\t\t<span class=\"elementor-divider-separator\">\n\t\t\t\t\t\t<\/span>\n\t\t<\/div>\n\t\t\t\t\t\t<\/div>\n\t\t\t\t<\/div>\n\t\t<div class=\"elementor-element elementor-element-60f27e9 e-con-full e-flex e-con e-child\" data-id=\"60f27e9\" data-element_type=\"container\">\n\t\t<div class=\"elementor-element elementor-element-a8ccd35 e-con-full e-flex e-con e-child\" data-id=\"a8ccd35\" data-element_type=\"container\">\n\t\t\t\t<div class=\"elementor-element elementor-element-26dbb3d elementor-widget elementor-widget-heading\" data-id=\"26dbb3d\" data-element_type=\"widget\" data-widget_type=\"heading.default\">\n\t\t\t\t<div class=\"elementor-widget-container\">\n\t\t\t\t\t<h3 class=\"elementor-heading-title elementor-size-default\">JUMP\n<br>IN!<\/h3>\t\t\t\t<\/div>\n\t\t\t\t<\/div>\n\t\t\t\t<\/div>\n\t\t<div class=\"elementor-element elementor-element-166c013 e-con-full e-flex e-con e-child\" data-id=\"166c013\" data-element_type=\"container\">\n\t\t\t\t<div class=\"elementor-element elementor-element-5fc2dad elementor-widget elementor-widget-text-editor\" data-id=\"5fc2dad\" data-element_type=\"widget\" data-widget_type=\"text-editor.default\">\n\t\t\t\t<div class=\"elementor-widget-container\">\n\t\t\t\t\t\t\t\t\t<p class=\"\" data-start=\"0\" data-end=\"282\">Der Effelder Waldsee ist ein wundersch\u00f6ner Tauchplatz mit einer atemberaubenden Unterwasserwelt, die reich an Flora und Fauna ist.<br data-start=\"113\" data-end=\"116\">Dieser Tauchplatz wird in den kommenden Jahren um viele sch\u00f6ne und anspruchsvolle Unterwasserattraktionen erweitert, mit dem Ziel, einer der sch\u00f6nsten Tauchpl\u00e4tze der Region zu werden.<\/p><p class=\"\" data-start=\"284\" data-end=\"358\">Zum Tauchen melden Sie sich an der Rezeption der Wasserskipiste an.<\/p>\t\t\t\t\t\t\t\t<\/div>\n\t\t\t\t<\/div>\n\t\t\t\t<div class=\"elementor-element elementor-element-cd0ab90 elementor-hidden-desktop elementor-hidden-tablet elementor-hidden-mobile elementor-widget elementor-widget-text-editor\" data-id=\"cd0ab90\" data-element_type=\"widget\" data-widget_type=\"text-editor.default\">\n\t\t\t\t<div class=\"elementor-widget-container\">\n\t\t\t\t\t\t\t\t\t<p><strong data-start=\"814\" data-end=\"833\">JUNI &#8211; SEPTEMBER<\/strong><br data-start=\"833\" data-end=\"836\">T\u00e4glich von 12 bis 18 Uhr ge\u00f6ffnet, wenn die Temperaturen 21\u00b0C und mehr betragen.<\/p>\t\t\t\t\t\t\t\t<\/div>\n\t\t\t\t<\/div>\n\t\t<div class=\"elementor-element elementor-element-b0228d7 e-con-full e-flex e-con e-child\" data-id=\"b0228d7\" data-element_type=\"container\">\n\t\t\t\t<div class=\"elementor-element elementor-element-ae16dda elementor-widget elementor-widget-heading\" data-id=\"ae16dda\" data-element_type=\"widget\" data-widget_type=\"heading.default\">\n\t\t\t\t<div class=\"elementor-widget-container\">\n\t\t\t\t\t<h4 class=\"elementor-heading-title elementor-size-default\">Reservieren:<\/h4>\t\t\t\t<\/div>\n\t\t\t\t<\/div>\n\t\t\t\t<div class=\"elementor-element elementor-element-1550140 elementor-align-left elementor-widget elementor-widget-button\" data-id=\"1550140\" data-element_type=\"widget\" data-widget_type=\"button.default\">\n\t\t\t\t<div class=\"elementor-widget-container\">\n\t\t\t\t\t\t\t\t\t<div class=\"elementor-button-wrapper\">\n\t\t\t\t\t<a class=\"elementor-button elementor-button-link elementor-size-sm\" href=\"tel:+491733922981\">\n\t\t\t\t\t\t<span class=\"elementor-button-content-wrapper\">\n\t\t\t\t\t\t<span class=\"elementor-button-icon\">\n\t\t\t\t<i aria-hidden=\"true\" class=\"fas fa-phone-alt\"><\/i>\t\t\t<\/span>\n\t\t\t\t\t\t\t\t\t<span class=\"elementor-button-text\">+49 17 33 92 2981<\/span>\n\t\t\t\t\t<\/span>\n\t\t\t\t\t<\/a>\n\t\t\t\t<\/div>\n\t\t\t\t\t\t\t\t<\/div>\n\t\t\t\t<\/div>\n\t\t\t\t<\/div>\n\t\t\t\t<\/div>\n\t\t\t\t<\/div>\n\t\t\t\t<\/div>\n\t\t\t\t\t<\/div>\n\t\t\t\t<\/div>\n\t\t<div class=\"elementor-element elementor-element-1212e3d5 e-con-full e-flex e-con e-parent\" data-id=\"1212e3d5\" data-element_type=\"container\" data-settings=\"{&quot;background_background&quot;:&quot;classic&quot;}\">\n\t\t<div class=\"elementor-element elementor-element-332c2802 e-con-full animated-slow e-flex elementor-invisible e-con e-child\" data-id=\"332c2802\" data-element_type=\"container\" data-settings=\"{&quot;background_background&quot;:&quot;classic&quot;,&quot;animation&quot;:&quot;fadeInLeft&quot;}\">\n\t\t\t\t<\/div>\n\t\t<div class=\"elementor-element elementor-element-104d4958 e-con-full animated-slow e-flex elementor-invisible e-con e-child\" data-id=\"104d4958\" data-element_type=\"container\" data-settings=\"{&quot;background_background&quot;:&quot;classic&quot;,&quot;animation&quot;:&quot;fadeInRight&quot;}\">\n\t\t\t\t<div class=\"elementor-element elementor-element-dac7b5c elementor-widget elementor-widget-heading\" data-id=\"dac7b5c\" data-element_type=\"widget\" data-widget_type=\"heading.default\">\n\t\t\t\t<div class=\"elementor-widget-container\">\n\t\t\t\t\t<h3 class=\"elementor-heading-title elementor-size-default\">Zugang Tauchen<\/h3>\t\t\t\t<\/div>\n\t\t\t\t<\/div>\n\t\t\t\t<div class=\"elementor-element elementor-element-f071e06 elementor-widget elementor-widget-price-list\" data-id=\"f071e06\" data-element_type=\"widget\" data-widget_type=\"price-list.default\">\n\t\t\t\t<div class=\"elementor-widget-container\">\n\t\t\t\t\t\n\t\t<ul class=\"elementor-price-list\">\n\n\t\t\t\t\t\t\t\t\t<li><a class=\"elementor-price-list-item\" href=\"#\">\t\t\t\t\n\t\t\t\t<div class=\"elementor-price-list-text\">\n\t\t\t\t\t\t\t\t\t<div class=\"elementor-price-list-header\">\n\t\t\t\t\t\t\t\t\t\t\t<span class=\"elementor-price-list-title\">\n\t\t\t\t\t\t\tPreis pro Tag f\u00fcr Erwachsene\t\t\t\t\t\t<\/span>\n\t\t\t\t\t\t\t\t\t\t\t\t\t\t\t\t\t\t<span class=\"elementor-price-list-separator\"><\/span>\n\t\t\t\t\t\t\t\t\t\t\t\t\t\t\t\t\t\t\t<span class=\"elementor-price-list-price\">\u20ac 10,50<\/span>\n\t\t\t\t\t\t\t\t\t\t<\/div>\n\t\t\t\t\t\t\t\t\t\t\t\t<\/div>\n\t\t\t\t<\/a><\/li>\t\t\t\t\t\n\t\t<\/ul>\n\n\t\t\t\t\t\t<\/div>\n\t\t\t\t<\/div>\n\t\t\t\t<\/div>\n\t\t\t\t<\/div>\n\t\t\t\t<\/div>\n\t\t","protected":false},"excerpt":{"rendered":"<p>TAUCHEN Unterwasserwelt JUMP IN! Der Effelder Waldsee ist ein wundersch\u00f6ner Tauchplatz mit einer atemberaubenden Unterwasserwelt, die reich an Flora und Fauna ist.Dieser Tauchplatz wird in den kommenden Jahren um viele [&hellip;]<\/p>\n","protected":false},"author":1,"featured_media":0,"parent":0,"menu_order":0,"comment_status":"closed","ping_status":"closed","template":"","meta":{"_acf_changed":false,"site-sidebar-layout":"no-sidebar","site-content-layout":"page-builder","ast-site-content-layout":"full-width-container","site-content-style":"unboxed","site-sidebar-style":"unboxed","ast-global-header-display":"","ast-banner-title-visibility":"","ast-main-header-display":"","ast-hfb-above-header-display":"","ast-hfb-below-header-display":"","ast-hfb-mobile-header-display":"","site-post-title":"disabled","ast-breadcrumbs-content":"disabled","ast-featured-img":"disabled","footer-sml-layout":"","ast-disable-related-posts":"","theme-transparent-header-meta":"enabled","adv-header-id-meta":"","stick-header-meta":"default","header-above-stick-meta":"","header-main-stick-meta":"","header-below-stick-meta":"","astra-migrate-meta-layouts":"default","ast-page-background-enabled":"default","ast-page-background-meta":{"desktop":{"background-color":"","background-image":"","background-repeat":"repeat","background-position":"center center","background-size":"auto","background-attachment":"scroll","background-type":"","background-media":"","overlay-type":"","overlay-color":"","overlay-opacity":"","overlay-gradient":""},"tablet":{"background-color":"","background-image":"","background-repeat":"repeat","background-position":"center center","background-size":"auto","background-attachment":"scroll","background-type":"","background-media":"","overlay-type":"","overlay-color":"","overlay-opacity":"","overlay-gradient":""},"mobile":{"background-color":"","background-image":"","background-repeat":"repeat","background-position":"center center","background-size":"auto","background-attachment":"scroll","background-type":"","background-media":"","overlay-type":"","overlay-color":"","overlay-opacity":"","overlay-gradient":""}},"ast-content-background-meta":{"desktop":{"background-color":"var(--ast-global-color-5)","background-image":"","background-repeat":"repeat","background-position":"center center","background-size":"auto","background-attachment":"scroll","background-type":"","background-media":"","overlay-type":"","overlay-color":"","overlay-opacity":"","overlay-gradient":""},"tablet":{"background-color":"var(--ast-global-color-5)","background-image":"","background-repeat":"repeat","background-position":"center center","background-size":"auto","background-attachment":"scroll","background-type":"","background-media":"","overlay-type":"","overlay-color":"","overlay-opacity":"","overlay-gradient":""},"mobile":{"background-color":"var(--ast-global-color-5)","background-image":"","background-repeat":"repeat","background-position":"center center","background-size":"auto","background-attachment":"scroll","background-type":"","background-media":"","overlay-type":"","overlay-color":"","overlay-opacity":"","overlay-gradient":""}},"footnotes":""},"class_list":["post-1918","page","type-page","status-publish","hentry"],"acf":[],"yoast_head":"<!-- This site is optimized with the Yoast SEO plugin v26.1.1 - https:\/\/yoast.com\/wordpress\/plugins\/seo\/ -->\n<title>Tauchen - Amici Beach<\/title>\n<meta name=\"robots\" content=\"index, follow, max-snippet:-1, max-image-preview:large, max-video-preview:-1\" \/>\n<link rel=\"canonical\" href=\"https:\/\/amicibeach.com\/de\/tauchen\/\" \/>\n<meta property=\"og:locale\" content=\"de_DE\" \/>\n<meta property=\"og:type\" content=\"article\" \/>\n<meta property=\"og:title\" content=\"Tauchen - Amici Beach\" \/>\n<meta property=\"og:description\" content=\"TAUCHEN Unterwasserwelt JUMP IN! Der Effelder Waldsee ist ein wundersch\u00f6ner Tauchplatz mit einer atemberaubenden Unterwasserwelt, die reich an Flora und Fauna ist.Dieser Tauchplatz wird in den kommenden Jahren um viele [&hellip;]\" \/>\n<meta property=\"og:url\" content=\"https:\/\/amicibeach.com\/de\/tauchen\/\" \/>\n<meta property=\"og:site_name\" content=\"Amici Beach\" \/>\n<meta property=\"article:modified_time\" content=\"2025-06-19T13:03:26+00:00\" \/>\n<meta name=\"twitter:card\" content=\"summary_large_image\" \/>\n<script type=\"application\/ld+json\" class=\"yoast-schema-graph\">{\"@context\":\"https:\/\/schema.org\",\"@graph\":[{\"@type\":\"WebPage\",\"@id\":\"https:\/\/amicibeach.com\/de\/tauchen\/\",\"url\":\"https:\/\/amicibeach.com\/de\/tauchen\/\",\"name\":\"Tauchen - Amici Beach\",\"isPartOf\":{\"@id\":\"https:\/\/amicibeach.com\/#website\"},\"datePublished\":\"2025-04-24T11:21:30+00:00\",\"dateModified\":\"2025-06-19T13:03:26+00:00\",\"breadcrumb\":{\"@id\":\"https:\/\/amicibeach.com\/de\/tauchen\/#breadcrumb\"},\"inLanguage\":\"de\",\"potentialAction\":[{\"@type\":\"ReadAction\",\"target\":[\"https:\/\/amicibeach.com\/de\/tauchen\/\"]}]},{\"@type\":\"BreadcrumbList\",\"@id\":\"https:\/\/amicibeach.com\/de\/tauchen\/#breadcrumb\",\"itemListElement\":[{\"@type\":\"ListItem\",\"position\":1,\"name\":\"Startseite\",\"item\":\"https:\/\/amicibeach.com\/de\/\"},{\"@type\":\"ListItem\",\"position\":2,\"name\":\"Tauchen\"}]},{\"@type\":\"WebSite\",\"@id\":\"https:\/\/amicibeach.com\/#website\",\"url\":\"https:\/\/amicibeach.com\/\",\"name\":\"Amici Beach\",\"description\":\"The place to be\",\"publisher\":{\"@id\":\"https:\/\/amicibeach.com\/#organization\"},\"potentialAction\":[{\"@type\":\"SearchAction\",\"target\":{\"@type\":\"EntryPoint\",\"urlTemplate\":\"https:\/\/amicibeach.com\/?s={search_term_string}\"},\"query-input\":{\"@type\":\"PropertyValueSpecification\",\"valueRequired\":true,\"valueName\":\"search_term_string\"}}],\"inLanguage\":\"de\"},{\"@type\":\"Organization\",\"@id\":\"https:\/\/amicibeach.com\/#organization\",\"name\":\"Amici Beach\",\"url\":\"https:\/\/amicibeach.com\/\",\"logo\":{\"@type\":\"ImageObject\",\"inLanguage\":\"de\",\"@id\":\"https:\/\/amicibeach.com\/#\/schema\/logo\/image\/\",\"url\":\"http:\/\/amicibeach.com\/wp-content\/uploads\/2025\/05\/amici-beach-full-color-rgb.svg\",\"contentUrl\":\"http:\/\/amicibeach.com\/wp-content\/uploads\/2025\/05\/amici-beach-full-color-rgb.svg\",\"width\":163,\"height\":100,\"caption\":\"Amici Beach\"},\"image\":{\"@id\":\"https:\/\/amicibeach.com\/#\/schema\/logo\/image\/\"}}]}<\/script>\n<!-- \/ Yoast SEO plugin. -->","yoast_head_json":{"title":"Tauchen - Amici Beach","robots":{"index":"index","follow":"follow","max-snippet":"max-snippet:-1","max-image-preview":"max-image-preview:large","max-video-preview":"max-video-preview:-1"},"canonical":"https:\/\/amicibeach.com\/de\/tauchen\/","og_locale":"de_DE","og_type":"article","og_title":"Tauchen - Amici Beach","og_description":"TAUCHEN Unterwasserwelt JUMP IN! Der Effelder Waldsee ist ein wundersch\u00f6ner Tauchplatz mit einer atemberaubenden Unterwasserwelt, die reich an Flora und Fauna ist.Dieser Tauchplatz wird in den kommenden Jahren um viele [&hellip;]","og_url":"https:\/\/amicibeach.com\/de\/tauchen\/","og_site_name":"Amici Beach","article_modified_time":"2025-06-19T13:03:26+00:00","twitter_card":"summary_large_image","schema":{"@context":"https:\/\/schema.org","@graph":[{"@type":"WebPage","@id":"https:\/\/amicibeach.com\/de\/tauchen\/","url":"https:\/\/amicibeach.com\/de\/tauchen\/","name":"Tauchen - Amici Beach","isPartOf":{"@id":"https:\/\/amicibeach.com\/#website"},"datePublished":"2025-04-24T11:21:30+00:00","dateModified":"2025-06-19T13:03:26+00:00","breadcrumb":{"@id":"https:\/\/amicibeach.com\/de\/tauchen\/#breadcrumb"},"inLanguage":"de","potentialAction":[{"@type":"ReadAction","target":["https:\/\/amicibeach.com\/de\/tauchen\/"]}]},{"@type":"BreadcrumbList","@id":"https:\/\/amicibeach.com\/de\/tauchen\/#breadcrumb","itemListElement":[{"@type":"ListItem","position":1,"name":"Startseite","item":"https:\/\/amicibeach.com\/de\/"},{"@type":"ListItem","position":2,"name":"Tauchen"}]},{"@type":"WebSite","@id":"https:\/\/amicibeach.com\/#website","url":"https:\/\/amicibeach.com\/","name":"Amici Beach","description":"The place to be","publisher":{"@id":"https:\/\/amicibeach.com\/#organization"},"potentialAction":[{"@type":"SearchAction","target":{"@type":"EntryPoint","urlTemplate":"https:\/\/amicibeach.com\/?s={search_term_string}"},"query-input":{"@type":"PropertyValueSpecification","valueRequired":true,"valueName":"search_term_string"}}],"inLanguage":"de"},{"@type":"Organization","@id":"https:\/\/amicibeach.com\/#organization","name":"Amici Beach","url":"https:\/\/amicibeach.com\/","logo":{"@type":"ImageObject","inLanguage":"de","@id":"https:\/\/amicibeach.com\/#\/schema\/logo\/image\/","url":"http:\/\/amicibeach.com\/wp-content\/uploads\/2025\/05\/amici-beach-full-color-rgb.svg","contentUrl":"http:\/\/amicibeach.com\/wp-content\/uploads\/2025\/05\/amici-beach-full-color-rgb.svg","width":163,"height":100,"caption":"Amici Beach"},"image":{"@id":"https:\/\/amicibeach.com\/#\/schema\/logo\/image\/"}}]}},"_links":{"self":[{"href":"http:\/\/amicibeach.com\/de\/wp-json\/wp\/v2\/pages\/1918","targetHints":{"allow":["GET"]}}],"collection":[{"href":"http:\/\/amicibeach.com\/de\/wp-json\/wp\/v2\/pages"}],"about":[{"href":"http:\/\/amicibeach.com\/de\/wp-json\/wp\/v2\/types\/page"}],"author":[{"embeddable":true,"href":"http:\/\/amicibeach.com\/de\/wp-json\/wp\/v2\/users\/1"}],"replies":[{"embeddable":true,"href":"http:\/\/amicibeach.com\/de\/wp-json\/wp\/v2\/comments?post=1918"}],"version-history":[{"count":8,"href":"http:\/\/amicibeach.com\/de\/wp-json\/wp\/v2\/pages\/1918\/revisions"}],"predecessor-version":[{"id":2928,"href":"http:\/\/amicibeach.com\/de\/wp-json\/wp\/v2\/pages\/1918\/revisions\/2928"}],"wp:attachment":[{"href":"http:\/\/amicibeach.com\/de\/wp-json\/wp\/v2\/media?parent=1918"}],"curies":[{"name":"wp","href":"https:\/\/api.w.org\/{rel}","templated":true}]}}